{"id":251,"date":"2025-07-07T20:48:17","date_gmt":"2025-07-07T18:48:17","guid":{"rendered":"https:\/\/forgentis.de\/?page_id=251"},"modified":"2025-11-17T15:38:35","modified_gmt":"2025-11-17T14:38:35","slug":"impressum","status":"publish","type":"page","link":"https:\/\/forgentis.de\/?page_id=251","title":{"rendered":"Impressum"},"content":{"rendered":"\t\t<div data-elementor-type=\"wp-page\" data-elementor-id=\"251\" class=\"elementor elementor-251\" data-elementor-post-type=\"page\">\n\t\t\t\t<div class=\"elementor-element elementor-element-4299497c e-flex e-con-boxed e-con e-parent\" data-id=\"4299497c\" data-element_type=\"container\" data-settings=\"{&quot;background_background&quot;:&quot;gradient&quot;,&quot;shape_divider_bottom&quot;:&quot;waves&quot;}\">\n\t\t\t\t\t<div class=\"e-con-inner\">\n\t\t\t\t<div class=\"elementor-shape elementor-shape-bottom\" aria-hidden=\"true\" data-negative=\"false\">\n\t\t\t<svg xmlns=\"http:\/\/www.w3.org\/2000\/svg\" viewBox=\"0 0 1000 100\" preserveAspectRatio=\"none\">\n\t<path class=\"elementor-shape-fill\" d=\"M421.9,6.5c22.6-2.5,51.5,0.4,75.5,5.3c23.6,4.9,70.9,23.5,100.5,35.7c75.8,32.2,133.7,44.5,192.6,49.7\n\tc23.6,2.1,48.7,3.5,103.4-2.5c54.7-6,106.2-25.6,106.2-25.6V0H0v30.3c0,0,72,32.6,158.4,30.5c39.2-0.7,92.8-6.7,134-22.4\n\tc21.2-8.1,52.2-18.2,79.7-24.2C399.3,7.9,411.6,7.5,421.9,6.5z\"\/>\n<\/svg>\t\t<\/div>\n\t\t\t\t<div class=\"elementor-element elementor-element-4de88b89 elementor-widget elementor-widget-theme-post-title elementor-page-title elementor-widget-heading\" data-id=\"4de88b89\" data-element_type=\"widget\" data-widget_type=\"theme-post-title.default\">\n\t\t\t\t\t<h1 class=\"elementor-heading-title elementor-size-default\">Impressum<\/h1>\t\t\t\t<\/div>\n\t\t\t\t\t<\/div>\n\t\t\t\t<\/div>\n\t\t<div class=\"elementor-element elementor-element-5f5268a1 e-flex e-con-boxed e-con e-parent\" data-id=\"5f5268a1\" data-element_type=\"container\">\n\t\t\t\t\t<div class=\"e-con-inner\">\n\t\t\t\t<div class=\"elementor-element elementor-element-69415186 elementor-widget elementor-widget-spacer\" data-id=\"69415186\" data-element_type=\"widget\" data-widget_type=\"spacer.default\">\n\t\t\t\t\t\t\t<div class=\"elementor-spacer\">\n\t\t\t<div class=\"elementor-spacer-inner\"><\/div>\n\t\t<\/div>\n\t\t\t\t\t\t<\/div>\n\t\t\t\t<div class=\"elementor-element elementor-element-10ff3db4 elementor-widget elementor-widget-spacer\" data-id=\"10ff3db4\" data-element_type=\"widget\" data-widget_type=\"spacer.default\">\n\t\t\t\t\t\t\t<div class=\"elementor-spacer\">\n\t\t\t<div class=\"elementor-spacer-inner\"><\/div>\n\t\t<\/div>\n\t\t\t\t\t\t<\/div>\n\t\t\t\t\t<\/div>\n\t\t\t\t<\/div>\n\t\t<div class=\"elementor-element elementor-element-34f97f5 e-flex e-con-boxed e-con e-parent\" data-id=\"34f97f5\" data-element_type=\"container\">\n\t\t\t\t\t<div class=\"e-con-inner\">\n\t\t\t\t<div class=\"elementor-element elementor-element-a36fd48 elementor-widget elementor-widget-heading\" data-id=\"a36fd48\" data-element_type=\"widget\" data-widget_type=\"heading.default\">\n\t\t\t\t\t<h2 class=\"elementor-heading-title elementor-size-default\">Angaben gem\u00e4\u00df \u00a7 5 TMG:<\/h2>\t\t\t\t<\/div>\n\t\t<div class=\"elementor-element elementor-element-9b76002 e-con-full e-flex e-con e-child\" data-id=\"9b76002\" data-element_type=\"container\">\n\t\t<div class=\"elementor-element elementor-element-a9967d1 e-con-full e-flex e-con e-child\" data-id=\"a9967d1\" data-element_type=\"container\">\n\t\t\t\t<div class=\"elementor-element elementor-element-10e2850 elementor-widget elementor-widget-text-editor\" data-id=\"10e2850\" data-element_type=\"widget\" data-widget_type=\"text-editor.default\">\n\t\t\t\t\t\t\t\t\t<div>Diese Webseite wird betrieben von:<\/div><div>\u00a0<\/div><div>Forgentis GmbH\u00a0<\/div><div>\u00a0<\/div><div>Sch\u00f6nb\u00f6rnchenerweg 1A<br \/>08371 Glauchau<\/div><div>\u00a0<\/div><div>Email : mail@forgentis.de<\/div>\t\t\t\t\t\t\t\t<\/div>\n\t\t\t\t<\/div>\n\t\t<div class=\"elementor-element elementor-element-bc0ea07 e-con-full e-flex e-con e-child\" data-id=\"bc0ea07\" data-element_type=\"container\">\n\t\t\t\t<div class=\"elementor-element elementor-element-76c5101 elementor-widget elementor-widget-text-editor\" data-id=\"76c5101\" data-element_type=\"widget\" data-widget_type=\"text-editor.default\">\n\t\t\t\t\t\t\t\t\t<p>Handelsregister: Amtsgericht Chemnitz; HRB 37536\u00a0<\/p><p>Gesch\u00e4ftsf\u00fchrer: Domenic Schmidt<\/p><p>UstID: DE456022931<\/p><p>Stammkapital: 25.000,00 \u20ac<\/p>\t\t\t\t\t\t\t\t<\/div>\n\t\t\t\t<\/div>\n\t\t\t\t<\/div>\n\t\t\t\t<div class=\"elementor-element elementor-element-232b8dd elementor-widget elementor-widget-heading\" data-id=\"232b8dd\" data-element_type=\"widget\" data-widget_type=\"heading.default\">\n\t\t\t\t\t<h2 class=\"elementor-heading-title elementor-size-default\">Umsatzsteuer-Identifikationsnummer gem\u00e4\u00df \u00a7 27 a Umsatzsteuergesetz<\/h2>\t\t\t\t<\/div>\n\t\t\t\t<div class=\"elementor-element elementor-element-1bdc01e elementor-widget elementor-widget-text-editor\" data-id=\"1bdc01e\" data-element_type=\"widget\" data-widget_type=\"text-editor.default\">\n\t\t\t\t\t\t\t\t\t<p>Umsatzsteuer-ID:\u00a0 DE456022931<\/p>\t\t\t\t\t\t\t\t<\/div>\n\t\t\t\t<div class=\"elementor-element elementor-element-be28798 elementor-widget elementor-widget-heading\" data-id=\"be28798\" data-element_type=\"widget\" data-widget_type=\"heading.default\">\n\t\t\t\t\t<h2 class=\"elementor-heading-title elementor-size-default\">Inhaltlich verantwortlicher Dienstanbieter im Sinne des \u00a7 18 Abs. 2 MStV<\/h2>\t\t\t\t<\/div>\n\t\t\t\t<div class=\"elementor-element elementor-element-0b5726a elementor-widget elementor-widget-text-editor\" data-id=\"0b5726a\" data-element_type=\"widget\" data-widget_type=\"text-editor.default\">\n\t\t\t\t\t\t\t\t\t<div>Forgentis GmbH<\/div><div>Domenic Schmidt<\/div><div>Sch\u00f6nb\u00f6rnchenerweg 1A<br \/>08371 Glauchau<\/div>\t\t\t\t\t\t\t\t<\/div>\n\t\t\t\t<div class=\"elementor-element elementor-element-899cdb9 elementor-widget elementor-widget-heading\" data-id=\"899cdb9\" data-element_type=\"widget\" data-widget_type=\"heading.default\">\n\t\t\t\t\t<h2 class=\"elementor-heading-title elementor-size-default\">Haftungsbeschr\u00e4nkung<\/h2>\t\t\t\t<\/div>\n\t\t\t\t<div class=\"elementor-element elementor-element-7b5877b elementor-widget elementor-widget-text-editor\" data-id=\"7b5877b\" data-element_type=\"widget\" data-widget_type=\"text-editor.default\">\n\t\t\t\t\t\t\t\t\t<p>Die Inhalte dieser Website werden mit gr\u00f6\u00dftm\u00f6glicher Sorgfalt erstellt. Der Anbieter \u00fcbernimmt jedoch keine Gew\u00e4hr f\u00fcr die Richtigkeit, Vollst\u00e4ndigkeit und Aktualit\u00e4t der bereitgestellten Inhalte. Die Nutzung der Inhalte der Website erfolgt auf eigene Gefahr des Nutzers. Namentlich gekennzeichnete Beitr\u00e4ge geben die Meinung des jeweiligen Autors und nicht immer die Meinung des Anbieters wieder. Mit der reinen Nutzung der Website des Anbieters kommt keinerlei Vertragsverh\u00e4ltnis zwischen dem Nutzer und dem Anbieter zustande.<\/p>\t\t\t\t\t\t\t\t<\/div>\n\t\t\t\t<div class=\"elementor-element elementor-element-d8bb9b5 elementor-widget elementor-widget-heading\" data-id=\"d8bb9b5\" data-element_type=\"widget\" data-widget_type=\"heading.default\">\n\t\t\t\t\t<h2 class=\"elementor-heading-title elementor-size-default\">Copyright<\/h2>\t\t\t\t<\/div>\n\t\t\t\t<div class=\"elementor-element elementor-element-1af33f6 elementor-widget elementor-widget-text-editor\" data-id=\"1af33f6\" data-element_type=\"widget\" data-widget_type=\"text-editor.default\">\n\t\t\t\t\t\t\t\t\t<p>Alle Texte und Bilder und weitere hier ver\u00f6ffentlichte Informationen unterliegen dem Copyright er Forgentis GmbH. Eine Reproduktion oder Wiedergabe des Ganzen oder von Teilen ist ohne die schriftliche Genehmigung der Forgentis GmbH ausgeschlossen.\u00a0<\/p>\t\t\t\t\t\t\t\t<\/div>\n\t\t\t\t\t<\/div>\n\t\t\t\t<\/div>\n\t\t\t\t<\/div>\n\t\t","protected":false},"excerpt":{"rendered":"<p>Angaben gem\u00e4\u00df \u00a7 5 TMG: Diese Webseite wird betrieben von:\u00a0Forgentis GmbH\u00a0\u00a0Sch\u00f6nb\u00f6rnchenerweg 1A08371 Glauchau\u00a0Email : mail@forgentis.de Handelsregister: Amtsgericht Chemnitz; HRB 37536\u00a0 Gesch\u00e4ftsf\u00fchrer: Domenic Schmidt UstID: DE456022931 Stammkapital: 25.000,00 \u20ac Umsatzsteuer-Identifikationsnummer gem\u00e4\u00df \u00a7 27 a Umsatzsteuergesetz Umsatzsteuer-ID:\u00a0 DE456022931 Inhaltlich verantwortlicher Dienstanbieter im Sinne des \u00a7 18 Abs. 2 MStV Forgentis GmbHDomenic SchmidtSch\u00f6nb\u00f6rnchenerweg 1A08371 Glauchau Haftungsbeschr\u00e4nkung Die Inhalte [&hellip;]<\/p>\n","protected":false},"author":1,"featured_media":0,"parent":0,"menu_order":0,"comment_status":"closed","ping_status":"closed","template":"","meta":{"footnotes":""},"class_list":["post-251","page","type-page","status-publish","hentry"],"_links":{"self":[{"href":"https:\/\/forgentis.de\/index.php?rest_route=\/wp\/v2\/pages\/251","targetHints":{"allow":["GET"]}}],"collection":[{"href":"https:\/\/forgentis.de\/index.php?rest_route=\/wp\/v2\/pages"}],"about":[{"href":"https:\/\/forgentis.de\/index.php?rest_route=\/wp\/v2\/types\/page"}],"author":[{"embeddable":true,"href":"https:\/\/forgentis.de\/index.php?rest_route=\/wp\/v2\/users\/1"}],"replies":[{"embeddable":true,"href":"https:\/\/forgentis.de\/index.php?rest_route=%2Fwp%2Fv2%2Fcomments&post=251"}],"version-history":[{"count":22,"href":"https:\/\/forgentis.de\/index.php?rest_route=\/wp\/v2\/pages\/251\/revisions"}],"predecessor-version":[{"id":342,"href":"https:\/\/forgentis.de\/index.php?rest_route=\/wp\/v2\/pages\/251\/revisions\/342"}],"wp:attachment":[{"href":"https:\/\/forgentis.de\/index.php?rest_route=%2Fwp%2Fv2%2Fmedia&parent=251"}],"curies":[{"name":"wp","href":"https:\/\/api.w.org\/{rel}","templated":true}]}}